{"id":266,"date":"2024-03-16T16:26:40","date_gmt":"2024-03-16T15:26:40","guid":{"rendered":"https:\/\/ange-garden.fr\/?page_id=266"},"modified":"2025-01-07T14:16:53","modified_gmt":"2025-01-07T13:16:53","slug":"pose-gazon-synthetique","status":"publish","type":"page","link":"https:\/\/ange-garden.fr\/?page_id=266","title":{"rendered":"Pose gazon synth\u00e9tique"},"content":{"rendered":"<p>[et_pb_section fb_built=\u00a0\u00bb1&Prime; _builder_version=\u00a0\u00bb4.23.4&Prime; _module_preset=\u00a0\u00bbdefault\u00a0\u00bb background_color=\u00a0\u00bb#e3e2db\u00a0\u00bb custom_padding=\u00a0\u00bb0px||23px|||\u00a0\u00bb global_colors_info=\u00a0\u00bb{}\u00a0\u00bb][et_pb_row _builder_version=\u00a0\u00bb4.23.4&Prime; _module_preset=\u00a0\u00bbdefault\u00a0\u00bb width=\u00a0\u00bb100%\u00a0\u00bb min_height=\u00a0\u00bb297px\u00a0\u00bb custom_padding=\u00a0\u00bb0px||0px|||\u00a0\u00bb global_colors_info=\u00a0\u00bb{}\u00a0\u00bb][et_pb_column type=\u00a0\u00bb4_4&Prime; _builder_version=\u00a0\u00bb4.23.4&Prime; _module_preset=\u00a0\u00bbdefault\u00a0\u00bb global_colors_info=\u00a0\u00bb{}\u00a0\u00bb][et_pb_text _builder_version=\u00a0\u00bb4.23.4&Prime; _module_preset=\u00a0\u00bbdefault\u00a0\u00bb text_text_color=\u00a0\u00bb#231f20&Prime; header_font=\u00a0\u00bbAlegreya|700|||||||\u00a0\u00bb header_text_align=\u00a0\u00bbcenter\u00a0\u00bb header_text_color=\u00a0\u00bb#231f20&Prime; header_font_size=\u00a0\u00bb48px\u00a0\u00bb custom_margin=\u00a0\u00bb||5px|||\u00a0\u00bb custom_padding=\u00a0\u00bb||17px|||\u00a0\u00bb global_colors_info=\u00a0\u00bb{}\u00a0\u00bb header_text_shadow_horizontal_length__hover_enabled=\u00a0\u00bboff|desktop\u00a0\u00bb]<\/p>\n<h1>Pose gazon synth\u00e9tique<\/h1>\n<p>[\/et_pb_text][dsm_image_carousel gallery_ids=\u00a0\u00bb473,474,446,470,472,451,476,477,458&Prime; slide_to_show=\u00a0\u00bb1&Prime; _builder_version=\u00a0\u00bb4.23.4&Prime; _module_preset=\u00a0\u00bbdefault\u00a0\u00bb width=\u00a0\u00bb78%\u00a0\u00bb width_tablet=\u00a0\u00bb\u00a0\u00bb width_phone=\u00a0\u00bb93%\u00a0\u00bb width_last_edited=\u00a0\u00bbon|phone\u00a0\u00bb module_alignment=\u00a0\u00bbcenter\u00a0\u00bb border_color_all_image=\u00a0\u00bb#000000&Prime; global_colors_info=\u00a0\u00bb{}\u00a0\u00bb][\/dsm_image_carousel][\/et_pb_column][\/et_pb_row][et_pb_row _builder_version=\u00a0\u00bb4.23.4&Prime; _module_preset=\u00a0\u00bbdefault\u00a0\u00bb width=\u00a0\u00bb72%\u00a0\u00bb width_tablet=\u00a0\u00bb72%\u00a0\u00bb width_phone=\u00a0\u00bb92%\u00a0\u00bb width_last_edited=\u00a0\u00bbon|phone\u00a0\u00bb custom_padding=\u00a0\u00bb0px|||||\u00a0\u00bb global_colors_info=\u00a0\u00bb{}\u00a0\u00bb][et_pb_column type=\u00a0\u00bb4_4&Prime; _builder_version=\u00a0\u00bb4.23.4&Prime; _module_preset=\u00a0\u00bbdefault\u00a0\u00bb global_colors_info=\u00a0\u00bb{}\u00a0\u00bb][et_pb_text _builder_version=\u00a0\u00bb4.23.4&Prime; _module_preset=\u00a0\u00bbdefault\u00a0\u00bb text_text_color=\u00a0\u00bb#231f20&Prime; header_font=\u00a0\u00bbRouge Script|700|||||||\u00a0\u00bb header_text_align=\u00a0\u00bbcenter\u00a0\u00bb header_text_color=\u00a0\u00bb#645f35&Prime; header_font_size=\u00a0\u00bb55px\u00a0\u00bb header_2_font=\u00a0\u00bbRouge Script|700|||||||\u00a0\u00bb header_2_text_align=\u00a0\u00bbcenter\u00a0\u00bb header_2_text_color=\u00a0\u00bb#645f35&Prime; header_2_font_size=\u00a0\u00bb45px\u00a0\u00bb custom_margin=\u00a0\u00bb||9px|||\u00a0\u00bb header_2_font_size_tablet=\u00a0\u00bb45px\u00a0\u00bb header_2_font_size_phone=\u00a0\u00bb36px\u00a0\u00bb header_2_font_size_last_edited=\u00a0\u00bbon|phone\u00a0\u00bb header_text_shadow_style=\u00a0\u00bbpreset5&Prime; header_text_shadow_horizontal_length=\u00a0\u00bb0.01em\u00a0\u00bb header_text_shadow_vertical_length=\u00a0\u00bb0em\u00a0\u00bb header_text_shadow_color=\u00a0\u00bb#f8e3b3&Prime; global_colors_info=\u00a0\u00bb{}\u00a0\u00bb header_text_shadow_horizontal_length__hover_enabled=\u00a0\u00bboff|desktop\u00a0\u00bb]<\/p>\n<h2>gazon synth\u00e9tique = durable, peu d&rsquo;entretien et esth\u00e9tique !<\/h2>\n<p>[\/et_pb_text][et_pb_text _builder_version=\u00a0\u00bb4.23.4&Prime; _module_preset=\u00a0\u00bbdefault\u00a0\u00bb text_font=\u00a0\u00bbAcme||||||||\u00a0\u00bb text_text_color=\u00a0\u00bb#000000&Prime; text_font_size=\u00a0\u00bb21px\u00a0\u00bb text_line_height=\u00a0\u00bb1.3em\u00a0\u00bb background_enable_color=\u00a0\u00bboff\u00a0\u00bb text_orientation=\u00a0\u00bbcenter\u00a0\u00bb custom_margin=\u00a0\u00bb||||false|false\u00a0\u00bb custom_padding=\u00a0\u00bb14px|14px|14px|14px|true|true\u00a0\u00bb global_colors_info=\u00a0\u00bb{}\u00a0\u00bb]<\/p>\n<p><span>Au fil des ann\u00e9es, Ange Garden a d\u00e9velopp\u00e9 une expertise remarquable dans la pose de gazon synth\u00e9tique, offrant ainsi un service sp\u00e9cialis\u00e9 et personnalis\u00e9 dans ce domaine. Gr\u00e2ce \u00e0 sa connaissance approfondie des divers types de gazon synth\u00e9tique, l&rsquo;entreprise est en mesure de r\u00e9pondre de mani\u00e8re pr\u00e9cise aux exigences sp\u00e9cifiques de chaque client, garantissant ainsi des r\u00e9sultats de haute qualit\u00e9.<\/span><\/p>\n<p>[\/et_pb_text][et_pb_button button_url=\u00a0\u00bbhttps:\/\/ange-garden.fr\/?page_id=587&Prime; button_text=\u00a0\u00bbContacter\u00a0\u00bb button_alignment=\u00a0\u00bbcenter\u00a0\u00bb _builder_version=\u00a0\u00bb4.23.4&Prime; _module_preset=\u00a0\u00bbdefault\u00a0\u00bb custom_button=\u00a0\u00bbon\u00a0\u00bb button_text_color=\u00a0\u00bb#FFFFFF\u00a0\u00bb button_bg_color=\u00a0\u00bb#655f35&Prime; button_border_color=\u00a0\u00bb#655f35&Prime; button_font=\u00a0\u00bbAlegreya||||||||\u00a0\u00bb global_colors_info=\u00a0\u00bb{}\u00a0\u00bb theme_builder_area=\u00a0\u00bbpost_content\u00a0\u00bb][\/et_pb_button][\/et_pb_column][\/et_pb_row][\/et_pb_section]<\/p>\n","protected":false},"excerpt":{"rendered":"<p>Pose gazon synth\u00e9tique<div class=\"et_pb_with_border et_pb_module dsm_image_carousel dsm_image_carousel_0 dsm_image_carousel_arrow_outside dsm_image_carousel_arrow_mobile_inside \">\n\t\t\t\t\n\t\t\t\t\n\t\t\t\t\n\t\t\t\t\n\t\t\t\t\n\t\t\t\t\n\t\t\t\t<div class=\"et_pb_module_inner\">\n\t\t\t\t\t<div class=\"swiper-container dsm_image_carousel_container  dsm_image_carousel_carousel\" dir=\"ltr\"data-effect=\"default\"\n\t\t\tdata-slider-effect-shadows=\"false\"\n\t\t\tdata-slider-effect-coverflow-rotate=\"30\"\n\t\t\tdata-slider-effect-coverflow-depth=\"0\"\n\t\t\tdata-loop=\"true\"\n\t\t\tdata-slide-to-show=\"1\"\n\t\t\tdata-slide-to-show-tablet=\"1\"\n\t\t\tdata-slide-to-show-phone=\"1\"\n\t\t\tdata-slide-to-scroll=\"1\"\n\t\t\tdata-slide-to-scroll-tablet=\"1\"\n\t\t\tdata-slide-to-scroll-phone=\"1\"\n\t\t\tdata-space-between=\"15\"\n\t\t\tdata-space-between-tablet=\"15\"\n\t\t\tdata-space-between-phone=\"15\"\n\t\t\tdata-slide-row=\"1\"\n\t\t\tdata-centered-slides=\"false\"\n\t\t\tdata-speed=\"300\"\n\t\t\tdata-autoplay=\"true\"\n\t\t\tdata-autoplay-speed=\"3000\"\n\t\t\tdata-touch-move=\"true\"\n\t\t\tdata-grab=\"true\"\n\t\t\tdata-pause-on-hover=\"false\"\n\t\t\tdata-show-lightbox=\"false\"\n\t\t\tdata-lightbox-gallery=\"false\"\n\t\t\tdata-lightbox-caption=\"false\"\n\t\t\tdata-infinite-scrolling=\"false\"\n\t\t\tdata-slide-row-tablet=\"1\"\n\t\t\tdata-slide-row-phone=\"1\"\n\t\t\tdata-autoplay-viewport=80%\n\t\t\tdata-mousewheel=\"false\"\n\t\t\tdata-lazyload=\"false\"\n\t\t\tdata-type=\"carousel\"\n\t\t\tdata-slideshow-effect=\"default\"\n\t\t\tdata-slideshow-to-show=\"4\"\n\t\t\tdata-slideshow-to-show-tablet=\"4\"\n\t\t\tdata-slideshow-to-show-phone=\"\"\n\t\t\tdata-slider-orientation=\"horizontal\"\n\t\t\t\t\t\tdata-lightbox-title=\"false\"\n\n\t\t\t><div class=\"swiper-wrapper\"><div class=\"swiper-slide dsm_image_carousel_item\"><img loading=\"lazy\" decoding=\"async\" src=\"https:\/\/ange-garden.fr\/wp-content\/uploads\/2024\/03\/Gazon-synthetique-photo-avant-chantier-2.jpg\" alt=\"\" title=\"Gazon synth\u00e9tique photo avant chantier 2\" width=\"1400\" height=\"800\" data-dsm-image-description=\"\" srcset=\"https:\/\/ange-garden.fr\/wp-content\/uploads\/2024\/03\/Gazon-synthetique-photo-avant-chantier-2.jpg 1400w, https:\/\/ange-garden.fr\/wp-content\/uploads\/2024\/03\/Gazon-synthetique-photo-avant-chantier-2-1280x731.jpg 1280w, https:\/\/ange-garden.fr\/wp-content\/uploads\/2024\/03\/Gazon-synthetique-photo-avant-chantier-2-980x560.jpg 980w, https:\/\/ange-garden.fr\/wp-content\/uploads\/2024\/03\/Gazon-synthetique-photo-avant-chantier-2-480x274.jpg 480w\" sizes=\"auto, (min-width: 0px) and (max-width: 480px) 480px, (min-width: 481px) and (max-width: 980px) 980px, (min-width: 981px) and (max-width: 1280px) 1280px, (min-width: 1281px) 1400px, 100vw\" class=\" skip-lazy\" \/><\/div><div class=\"swiper-slide dsm_image_carousel_item\"><img loading=\"lazy\" decoding=\"async\" src=\"https:\/\/ange-garden.fr\/wp-content\/uploads\/2024\/03\/Gazon-synthetique-photo-apres-chantier-2.jpg\" alt=\"\" title=\"Gazon synth\u00e9tique photo apr\u00e8s chantier 2\" width=\"1400\" height=\"800\" data-dsm-image-description=\"\" srcset=\"https:\/\/ange-garden.fr\/wp-content\/uploads\/2024\/03\/Gazon-synthetique-photo-apres-chantier-2.jpg 1400w, https:\/\/ange-garden.fr\/wp-content\/uploads\/2024\/03\/Gazon-synthetique-photo-apres-chantier-2-1280x731.jpg 1280w, https:\/\/ange-garden.fr\/wp-content\/uploads\/2024\/03\/Gazon-synthetique-photo-apres-chantier-2-980x560.jpg 980w, https:\/\/ange-garden.fr\/wp-content\/uploads\/2024\/03\/Gazon-synthetique-photo-apres-chantier-2-480x274.jpg 480w\" sizes=\"auto, (min-width: 0px) and (max-width: 480px) 480px, (min-width: 481px) and (max-width: 980px) 980px, (min-width: 981px) and (max-width: 1280px) 1280px, (min-width: 1281px) 1400px, 100vw\" class=\" skip-lazy\" \/><\/div><div class=\"swiper-slide dsm_image_carousel_item\"><img loading=\"lazy\" decoding=\"async\" src=\"https:\/\/ange-garden.fr\/wp-content\/uploads\/2024\/03\/Logo.png\" alt=\"\" title=\"Logo\" width=\"1400\" height=\"800\" data-dsm-image-description=\"\" srcset=\"https:\/\/ange-garden.fr\/wp-content\/uploads\/2024\/03\/Logo.png 1400w, https:\/\/ange-garden.fr\/wp-content\/uploads\/2024\/03\/Logo-1280x731.png 1280w, https:\/\/ange-garden.fr\/wp-content\/uploads\/2024\/03\/Logo-980x560.png 980w, https:\/\/ange-garden.fr\/wp-content\/uploads\/2024\/03\/Logo-480x274.png 480w\" sizes=\"auto, (min-width: 0px) and (max-width: 480px) 480px, (min-width: 481px) and (max-width: 980px) 980px, (min-width: 981px) and (max-width: 1280px) 1280px, (min-width: 1281px) 1400px, 100vw\" class=\" skip-lazy\" \/><\/div><div class=\"swiper-slide dsm_image_carousel_item\"><img loading=\"lazy\" decoding=\"async\" src=\"https:\/\/ange-garden.fr\/wp-content\/uploads\/2024\/03\/Gazon-synthetique-photo-avant-chantier-1-1.jpg\" alt=\"\" title=\"Gazon synth\u00e9tique photo avant chantier 1\" width=\"1400\" height=\"800\" data-dsm-image-description=\"\" srcset=\"https:\/\/ange-garden.fr\/wp-content\/uploads\/2024\/03\/Gazon-synthetique-photo-avant-chantier-1-1.jpg 1400w, https:\/\/ange-garden.fr\/wp-content\/uploads\/2024\/03\/Gazon-synthetique-photo-avant-chantier-1-1-1280x731.jpg 1280w, https:\/\/ange-garden.fr\/wp-content\/uploads\/2024\/03\/Gazon-synthetique-photo-avant-chantier-1-1-980x560.jpg 980w, https:\/\/ange-garden.fr\/wp-content\/uploads\/2024\/03\/Gazon-synthetique-photo-avant-chantier-1-1-480x274.jpg 480w\" sizes=\"auto, (min-width: 0px) and (max-width: 480px) 480px, (min-width: 481px) and (max-width: 980px) 980px, (min-width: 981px) and (max-width: 1280px) 1280px, (min-width: 1281px) 1400px, 100vw\" class=\" skip-lazy\" \/><\/div><div class=\"swiper-slide dsm_image_carousel_item\"><img loading=\"lazy\" decoding=\"async\" src=\"https:\/\/ange-garden.fr\/wp-content\/uploads\/2024\/03\/Gazon-synthetique-photo-apres-chantier-1.jpg\" alt=\"\" title=\"Gazon synth\u00e9tique photo apr\u00e8s chantier 1\" width=\"1400\" height=\"800\" data-dsm-image-description=\"\" srcset=\"https:\/\/ange-garden.fr\/wp-content\/uploads\/2024\/03\/Gazon-synthetique-photo-apres-chantier-1.jpg 1400w, https:\/\/ange-garden.fr\/wp-content\/uploads\/2024\/03\/Gazon-synthetique-photo-apres-chantier-1-1280x731.jpg 1280w, https:\/\/ange-garden.fr\/wp-content\/uploads\/2024\/03\/Gazon-synthetique-photo-apres-chantier-1-980x560.jpg 980w, https:\/\/ange-garden.fr\/wp-content\/uploads\/2024\/03\/Gazon-synthetique-photo-apres-chantier-1-480x274.jpg 480w\" sizes=\"auto, (min-width: 0px) and (max-width: 480px) 480px, (min-width: 481px) and (max-width: 980px) 980px, (min-width: 981px) and (max-width: 1280px) 1280px, (min-width: 1281px) 1400px, 100vw\" class=\" skip-lazy\" \/><\/div><div class=\"swiper-slide dsm_image_carousel_item\"><img loading=\"lazy\" decoding=\"async\" src=\"https:\/\/ange-garden.fr\/wp-content\/uploads\/2024\/03\/Logo-1.png\" alt=\"\" title=\"Logo\" width=\"1400\" height=\"800\" data-dsm-image-description=\"\" srcset=\"https:\/\/ange-garden.fr\/wp-content\/uploads\/2024\/03\/Logo-1.png 1400w, https:\/\/ange-garden.fr\/wp-content\/uploads\/2024\/03\/Logo-1-1280x731.png 1280w, https:\/\/ange-garden.fr\/wp-content\/uploads\/2024\/03\/Logo-1-980x560.png 980w, https:\/\/ange-garden.fr\/wp-content\/uploads\/2024\/03\/Logo-1-480x274.png 480w\" sizes=\"auto, (min-width: 0px) and (max-width: 480px) 480px, (min-width: 481px) and (max-width: 980px) 980px, (min-width: 981px) and (max-width: 1280px) 1280px, (min-width: 1281px) 1400px, 100vw\" class=\" skip-lazy\" \/><\/div><div class=\"swiper-slide dsm_image_carousel_item\"><img loading=\"lazy\" decoding=\"async\" src=\"https:\/\/ange-garden.fr\/wp-content\/uploads\/2024\/03\/Gazon-synthetique-photo-avant-chantier-3.jpg\" alt=\"\" title=\"Gazon synth\u00e9tique photo avant chantier 3\" width=\"1400\" height=\"800\" data-dsm-image-description=\"\" srcset=\"https:\/\/ange-garden.fr\/wp-content\/uploads\/2024\/03\/Gazon-synthetique-photo-avant-chantier-3.jpg 1400w, https:\/\/ange-garden.fr\/wp-content\/uploads\/2024\/03\/Gazon-synthetique-photo-avant-chantier-3-1280x731.jpg 1280w, https:\/\/ange-garden.fr\/wp-content\/uploads\/2024\/03\/Gazon-synthetique-photo-avant-chantier-3-980x560.jpg 980w, https:\/\/ange-garden.fr\/wp-content\/uploads\/2024\/03\/Gazon-synthetique-photo-avant-chantier-3-480x274.jpg 480w\" sizes=\"auto, (min-width: 0px) and (max-width: 480px) 480px, (min-width: 481px) and (max-width: 980px) 980px, (min-width: 981px) and (max-width: 1280px) 1280px, (min-width: 1281px) 1400px, 100vw\" class=\" skip-lazy\" \/><\/div><div class=\"swiper-slide dsm_image_carousel_item\"><img loading=\"lazy\" decoding=\"async\" src=\"https:\/\/ange-garden.fr\/wp-content\/uploads\/2024\/03\/Gazon-synthetique-photo-apres-chantier-3.jpg\" alt=\"\" title=\"Gazon synth\u00e9tique photo apr\u00e8s chantier 3\" width=\"1400\" height=\"800\" data-dsm-image-description=\"\" srcset=\"https:\/\/ange-garden.fr\/wp-content\/uploads\/2024\/03\/Gazon-synthetique-photo-apres-chantier-3.jpg 1400w, https:\/\/ange-garden.fr\/wp-content\/uploads\/2024\/03\/Gazon-synthetique-photo-apres-chantier-3-1280x731.jpg 1280w, https:\/\/ange-garden.fr\/wp-content\/uploads\/2024\/03\/Gazon-synthetique-photo-apres-chantier-3-980x560.jpg 980w, https:\/\/ange-garden.fr\/wp-content\/uploads\/2024\/03\/Gazon-synthetique-photo-apres-chantier-3-480x274.jpg 480w\" sizes=\"auto, (min-width: 0px) and (max-width: 480px) 480px, (min-width: 481px) and (max-width: 980px) 980px, (min-width: 981px) and (max-width: 1280px) 1280px, (min-width: 1281px) 1400px, 100vw\" class=\" skip-lazy\" \/><\/div><div class=\"swiper-slide dsm_image_carousel_item\"><img loading=\"lazy\" decoding=\"async\" src=\"https:\/\/ange-garden.fr\/wp-content\/uploads\/2024\/03\/Logo-2.png\" alt=\"\" title=\"Logo\" width=\"1400\" height=\"800\" data-dsm-image-description=\"\" srcset=\"https:\/\/ange-garden.fr\/wp-content\/uploads\/2024\/03\/Logo-2.png 1400w, https:\/\/ange-garden.fr\/wp-content\/uploads\/2024\/03\/Logo-2-1280x731.png 1280w, https:\/\/ange-garden.fr\/wp-content\/uploads\/2024\/03\/Logo-2-980x560.png 980w, https:\/\/ange-garden.fr\/wp-content\/uploads\/2024\/03\/Logo-2-480x274.png 480w\" sizes=\"auto, (min-width: 0px) and (max-width: 480px) 480px, (min-width: 481px) and (max-width: 980px) 980px, (min-width: 981px) and (max-width: 1280px) 1280px, (min-width: 1281px) 1400px, 100vw\" class=\" skip-lazy\" \/><\/div><\/div><\/div><div class=\"swiper-button-prev swiper-arrow-button\" data-icon=\"4\"><\/div><div class=\"swiper-button-next swiper-arrow-button\" data-icon=\"5\"><\/div><div class=\"swiper-pagination\"><\/div>\n\t\t\t\t<\/div>\n\t\t\t<\/div>gazon synth\u00e9tique = durable, peu d&rsquo;entretien et esth\u00e9tique !Au fil des ann\u00e9es, Ange Garden a d\u00e9velopp\u00e9 une expertise remarquable dans la pose de gazon synth\u00e9tique, offrant ainsi un service sp\u00e9cialis\u00e9 et personnalis\u00e9 dans ce domaine. Gr\u00e2ce \u00e0 sa connaissance approfondie des divers types de gazon synth\u00e9tique, l&rsquo;entreprise est en mesure de r\u00e9pondre de mani\u00e8re pr\u00e9cise aux exigences sp\u00e9cifiques de chaque client, garantissant ainsi des r\u00e9sultats de haute qualit\u00e9.<\/p>\n","protected":false},"author":1,"featured_media":0,"parent":0,"menu_order":0,"comment_status":"closed","ping_status":"closed","template":"","meta":{"_et_pb_use_builder":"on","_et_pb_old_content":"","_et_gb_content_width":"","_monsterinsights_skip_tracking":false,"_monsterinsights_sitenote_active":false,"_monsterinsights_sitenote_note":"","_monsterinsights_sitenote_category":0,"footnotes":""},"class_list":["post-266","page","type-page","status-publish","hentry"],"yoast_head":"<!-- This site is optimized with the Yoast SEO plugin v26.8 - https:\/\/yoast.com\/product\/yoast-seo-wordpress\/ -->\n<title>Pose gazon synth\u00e9tique - Ange Garden<\/title>\n<meta name=\"description\" content=\"Ange Garden a d\u00e9velopp\u00e9 une expertise remarquable dans la pose de gazon synth\u00e9tique, service sp\u00e9cialis\u00e9 et personnalis\u00e9 dans ce domaine\" \/>\n<meta name=\"robots\" content=\"index, follow, max-snippet:-1, max-image-preview:large, max-video-preview:-1\" \/>\n<link rel=\"canonical\" href=\"https:\/\/ange-garden.fr\/?page_id=266\" \/>\n<meta property=\"og:locale\" content=\"fr_FR\" \/>\n<meta property=\"og:type\" content=\"article\" \/>\n<meta property=\"og:title\" content=\"Pose gazon synth\u00e9tique - Ange Garden\" \/>\n<meta property=\"og:description\" content=\"Ange Garden a d\u00e9velopp\u00e9 une expertise remarquable dans la pose de gazon synth\u00e9tique, service sp\u00e9cialis\u00e9 et personnalis\u00e9 dans ce domaine\" \/>\n<meta property=\"og:url\" content=\"https:\/\/ange-garden.fr\/?page_id=266\" \/>\n<meta property=\"og:site_name\" content=\"Ange Garden\" \/>\n<meta property=\"article:modified_time\" content=\"2025-01-07T13:16:53+00:00\" \/>\n<meta name=\"twitter:card\" content=\"summary_large_image\" \/>\n<meta name=\"twitter:label1\" content=\"Dur\u00e9e de lecture estim\u00e9e\" \/>\n\t<meta name=\"twitter:data1\" content=\"3 minutes\" \/>\n<script type=\"application\/ld+json\" class=\"yoast-schema-graph\">{\"@context\":\"https:\/\/schema.org\",\"@graph\":[{\"@type\":\"WebPage\",\"@id\":\"https:\/\/ange-garden.fr\/?page_id=266\",\"url\":\"https:\/\/ange-garden.fr\/?page_id=266\",\"name\":\"Pose gazon synth\u00e9tique - Ange Garden\",\"isPartOf\":{\"@id\":\"https:\/\/ange-garden.fr\/#website\"},\"datePublished\":\"2024-03-16T15:26:40+00:00\",\"dateModified\":\"2025-01-07T13:16:53+00:00\",\"description\":\"Ange Garden a d\u00e9velopp\u00e9 une expertise remarquable dans la pose de gazon synth\u00e9tique, service sp\u00e9cialis\u00e9 et personnalis\u00e9 dans ce domaine\",\"breadcrumb\":{\"@id\":\"https:\/\/ange-garden.fr\/?page_id=266#breadcrumb\"},\"inLanguage\":\"fr-FR\",\"potentialAction\":[{\"@type\":\"ReadAction\",\"target\":[\"https:\/\/ange-garden.fr\/?page_id=266\"]}]},{\"@type\":\"BreadcrumbList\",\"@id\":\"https:\/\/ange-garden.fr\/?page_id=266#breadcrumb\",\"itemListElement\":[{\"@type\":\"ListItem\",\"position\":1,\"name\":\"Accueil\",\"item\":\"https:\/\/ange-garden.fr\/\"},{\"@type\":\"ListItem\",\"position\":2,\"name\":\"Pose gazon synth\u00e9tique\"}]},{\"@type\":\"WebSite\",\"@id\":\"https:\/\/ange-garden.fr\/#website\",\"url\":\"https:\/\/ange-garden.fr\/\",\"name\":\"Ange Garden\",\"description\":\"Jardinier paysagiste Golfe de Saint-Tropez\",\"publisher\":{\"@id\":\"https:\/\/ange-garden.fr\/#organization\"},\"potentialAction\":[{\"@type\":\"SearchAction\",\"target\":{\"@type\":\"EntryPoint\",\"urlTemplate\":\"https:\/\/ange-garden.fr\/?s={search_term_string}\"},\"query-input\":{\"@type\":\"PropertyValueSpecification\",\"valueRequired\":true,\"valueName\":\"search_term_string\"}}],\"inLanguage\":\"fr-FR\"},{\"@type\":\"Organization\",\"@id\":\"https:\/\/ange-garden.fr\/#organization\",\"name\":\"Ange Garden\",\"url\":\"https:\/\/ange-garden.fr\/\",\"logo\":{\"@type\":\"ImageObject\",\"inLanguage\":\"fr-FR\",\"@id\":\"https:\/\/ange-garden.fr\/#\/schema\/logo\/image\/\",\"url\":\"https:\/\/ange-garden.fr\/wp-content\/uploads\/2024\/03\/logo-4.png\",\"contentUrl\":\"https:\/\/ange-garden.fr\/wp-content\/uploads\/2024\/03\/logo-4.png\",\"width\":500,\"height\":500,\"caption\":\"Ange Garden\"},\"image\":{\"@id\":\"https:\/\/ange-garden.fr\/#\/schema\/logo\/image\/\"}}]}<\/script>\n<!-- \/ Yoast SEO plugin. -->","yoast_head_json":{"title":"Pose gazon synth\u00e9tique - Ange Garden","description":"Ange Garden a d\u00e9velopp\u00e9 une expertise remarquable dans la pose de gazon synth\u00e9tique, service sp\u00e9cialis\u00e9 et personnalis\u00e9 dans ce domaine","robots":{"index":"index","follow":"follow","max-snippet":"max-snippet:-1","max-image-preview":"max-image-preview:large","max-video-preview":"max-video-preview:-1"},"canonical":"https:\/\/ange-garden.fr\/?page_id=266","og_locale":"fr_FR","og_type":"article","og_title":"Pose gazon synth\u00e9tique - Ange Garden","og_description":"Ange Garden a d\u00e9velopp\u00e9 une expertise remarquable dans la pose de gazon synth\u00e9tique, service sp\u00e9cialis\u00e9 et personnalis\u00e9 dans ce domaine","og_url":"https:\/\/ange-garden.fr\/?page_id=266","og_site_name":"Ange Garden","article_modified_time":"2025-01-07T13:16:53+00:00","twitter_card":"summary_large_image","twitter_misc":{"Dur\u00e9e de lecture estim\u00e9e":"3 minutes"},"schema":{"@context":"https:\/\/schema.org","@graph":[{"@type":"WebPage","@id":"https:\/\/ange-garden.fr\/?page_id=266","url":"https:\/\/ange-garden.fr\/?page_id=266","name":"Pose gazon synth\u00e9tique - Ange Garden","isPartOf":{"@id":"https:\/\/ange-garden.fr\/#website"},"datePublished":"2024-03-16T15:26:40+00:00","dateModified":"2025-01-07T13:16:53+00:00","description":"Ange Garden a d\u00e9velopp\u00e9 une expertise remarquable dans la pose de gazon synth\u00e9tique, service sp\u00e9cialis\u00e9 et personnalis\u00e9 dans ce domaine","breadcrumb":{"@id":"https:\/\/ange-garden.fr\/?page_id=266#breadcrumb"},"inLanguage":"fr-FR","potentialAction":[{"@type":"ReadAction","target":["https:\/\/ange-garden.fr\/?page_id=266"]}]},{"@type":"BreadcrumbList","@id":"https:\/\/ange-garden.fr\/?page_id=266#breadcrumb","itemListElement":[{"@type":"ListItem","position":1,"name":"Accueil","item":"https:\/\/ange-garden.fr\/"},{"@type":"ListItem","position":2,"name":"Pose gazon synth\u00e9tique"}]},{"@type":"WebSite","@id":"https:\/\/ange-garden.fr\/#website","url":"https:\/\/ange-garden.fr\/","name":"Ange Garden","description":"Jardinier paysagiste Golfe de Saint-Tropez","publisher":{"@id":"https:\/\/ange-garden.fr\/#organization"},"potentialAction":[{"@type":"SearchAction","target":{"@type":"EntryPoint","urlTemplate":"https:\/\/ange-garden.fr\/?s={search_term_string}"},"query-input":{"@type":"PropertyValueSpecification","valueRequired":true,"valueName":"search_term_string"}}],"inLanguage":"fr-FR"},{"@type":"Organization","@id":"https:\/\/ange-garden.fr\/#organization","name":"Ange Garden","url":"https:\/\/ange-garden.fr\/","logo":{"@type":"ImageObject","inLanguage":"fr-FR","@id":"https:\/\/ange-garden.fr\/#\/schema\/logo\/image\/","url":"https:\/\/ange-garden.fr\/wp-content\/uploads\/2024\/03\/logo-4.png","contentUrl":"https:\/\/ange-garden.fr\/wp-content\/uploads\/2024\/03\/logo-4.png","width":500,"height":500,"caption":"Ange Garden"},"image":{"@id":"https:\/\/ange-garden.fr\/#\/schema\/logo\/image\/"}}]}},"_links":{"self":[{"href":"https:\/\/ange-garden.fr\/index.php?rest_route=\/wp\/v2\/pages\/266","targetHints":{"allow":["GET"]}}],"collection":[{"href":"https:\/\/ange-garden.fr\/index.php?rest_route=\/wp\/v2\/pages"}],"about":[{"href":"https:\/\/ange-garden.fr\/index.php?rest_route=\/wp\/v2\/types\/page"}],"author":[{"embeddable":true,"href":"https:\/\/ange-garden.fr\/index.php?rest_route=\/wp\/v2\/users\/1"}],"replies":[{"embeddable":true,"href":"https:\/\/ange-garden.fr\/index.php?rest_route=%2Fwp%2Fv2%2Fcomments&post=266"}],"version-history":[{"count":14,"href":"https:\/\/ange-garden.fr\/index.php?rest_route=\/wp\/v2\/pages\/266\/revisions"}],"predecessor-version":[{"id":602,"href":"https:\/\/ange-garden.fr\/index.php?rest_route=\/wp\/v2\/pages\/266\/revisions\/602"}],"wp:attachment":[{"href":"https:\/\/ange-garden.fr\/index.php?rest_route=%2Fwp%2Fv2%2Fmedia&parent=266"}],"curies":[{"name":"wp","href":"https:\/\/api.w.org\/{rel}","templated":true}]}}