{"id":307,"date":"2024-03-16T17:22:06","date_gmt":"2024-03-16T16:22:06","guid":{"rendered":"https:\/\/ange-garden.fr\/?page_id=307"},"modified":"2025-01-07T14:19:13","modified_gmt":"2025-01-07T13:19:13","slug":"debrousaillage-2","status":"publish","type":"page","link":"https:\/\/ange-garden.fr\/?page_id=307","title":{"rendered":"D\u00e9broussaillage"},"content":{"rendered":"<p>[et_pb_section fb_built=\u00a0\u00bb1&Prime; _builder_version=\u00a0\u00bb4.23.4&Prime; _module_preset=\u00a0\u00bbdefault\u00a0\u00bb background_color=\u00a0\u00bb#e3e2db\u00a0\u00bb custom_padding=\u00a0\u00bb0px||23px|||\u00a0\u00bb global_colors_info=\u00a0\u00bb{}\u00a0\u00bb][et_pb_row _builder_version=\u00a0\u00bb4.23.4&Prime; _module_preset=\u00a0\u00bbdefault\u00a0\u00bb width=\u00a0\u00bb100%\u00a0\u00bb min_height=\u00a0\u00bb297px\u00a0\u00bb custom_padding=\u00a0\u00bb0px||0px|||\u00a0\u00bb global_colors_info=\u00a0\u00bb{}\u00a0\u00bb][et_pb_column type=\u00a0\u00bb4_4&Prime; _builder_version=\u00a0\u00bb4.23.4&Prime; _module_preset=\u00a0\u00bbdefault\u00a0\u00bb global_colors_info=\u00a0\u00bb{}\u00a0\u00bb][et_pb_text _builder_version=\u00a0\u00bb4.23.4&Prime; _module_preset=\u00a0\u00bbdefault\u00a0\u00bb text_text_color=\u00a0\u00bb#231f20&Prime; header_font=\u00a0\u00bbAlegreya|700|||||||\u00a0\u00bb header_text_align=\u00a0\u00bbcenter\u00a0\u00bb header_text_color=\u00a0\u00bb#231f20&Prime; header_font_size=\u00a0\u00bb48px\u00a0\u00bb custom_margin=\u00a0\u00bb||5px|||\u00a0\u00bb custom_padding=\u00a0\u00bb||17px|||\u00a0\u00bb global_colors_info=\u00a0\u00bb{}\u00a0\u00bb header_text_shadow_horizontal_length__hover_enabled=\u00a0\u00bboff|desktop\u00a0\u00bb]<\/p>\n<h1>D\u00e9broussaillage<\/h1>\n<p>[\/et_pb_text][et_pb_image src=\u00a0\u00bbhttps:\/\/ange-garden.fr\/wp-content\/uploads\/2024\/03\/Debroussaillage-Ange-Garden.jpg\u00a0\u00bb title_text=\u00a0\u00bbD\u00e9broussaillage Ange Garden\u00a0\u00bb _builder_version=\u00a0\u00bb4.23.4&Prime; _module_preset=\u00a0\u00bbdefault\u00a0\u00bb width=\u00a0\u00bb75%\u00a0\u00bb width_tablet=\u00a0\u00bb75%\u00a0\u00bb width_phone=\u00a0\u00bb95%\u00a0\u00bb width_last_edited=\u00a0\u00bbon|phone\u00a0\u00bb module_alignment=\u00a0\u00bbcenter\u00a0\u00bb custom_margin=\u00a0\u00bb||2px|||\u00a0\u00bb border_width_all=\u00a0\u00bb3px\u00a0\u00bb global_colors_info=\u00a0\u00bb{}\u00a0\u00bb][\/et_pb_image][\/et_pb_column][\/et_pb_row][et_pb_row _builder_version=\u00a0\u00bb4.23.4&Prime; _module_preset=\u00a0\u00bbdefault\u00a0\u00bb width=\u00a0\u00bb72%\u00a0\u00bb width_tablet=\u00a0\u00bb72%\u00a0\u00bb width_phone=\u00a0\u00bb92%\u00a0\u00bb width_last_edited=\u00a0\u00bbon|phone\u00a0\u00bb global_colors_info=\u00a0\u00bb{}\u00a0\u00bb][et_pb_column type=\u00a0\u00bb4_4&Prime; _builder_version=\u00a0\u00bb4.23.4&Prime; _module_preset=\u00a0\u00bbdefault\u00a0\u00bb global_colors_info=\u00a0\u00bb{}\u00a0\u00bb][et_pb_text _builder_version=\u00a0\u00bb4.23.4&Prime; _module_preset=\u00a0\u00bbdefault\u00a0\u00bb text_text_color=\u00a0\u00bb#231f20&Prime; header_font=\u00a0\u00bbRouge Script|700|||||||\u00a0\u00bb header_text_align=\u00a0\u00bbcenter\u00a0\u00bb header_text_color=\u00a0\u00bb#645f35&Prime; header_font_size=\u00a0\u00bb55px\u00a0\u00bb header_2_font=\u00a0\u00bbRouge Script|700|||||||\u00a0\u00bb header_2_text_align=\u00a0\u00bbcenter\u00a0\u00bb header_2_text_color=\u00a0\u00bb#645f35&Prime; header_2_font_size=\u00a0\u00bb45px\u00a0\u00bb custom_margin=\u00a0\u00bb||9px|||\u00a0\u00bb header_2_font_size_tablet=\u00a0\u00bb45px\u00a0\u00bb header_2_font_size_phone=\u00a0\u00bb36px\u00a0\u00bb header_2_font_size_last_edited=\u00a0\u00bbon|phone\u00a0\u00bb header_text_shadow_style=\u00a0\u00bbpreset5&Prime; header_text_shadow_horizontal_length=\u00a0\u00bb0.01em\u00a0\u00bb header_text_shadow_vertical_length=\u00a0\u00bb0em\u00a0\u00bb header_text_shadow_color=\u00a0\u00bb#f8e3b3&Prime; global_colors_info=\u00a0\u00bb{}\u00a0\u00bb header_text_shadow_horizontal_length__hover_enabled=\u00a0\u00bboff|desktop\u00a0\u00bb]<\/p>\n<h2>\u00c9liminer les v\u00e9g\u00e9taux ind\u00e9sirables d&rsquo;un terrain<\/h2>\n<p>[\/et_pb_text][et_pb_text _builder_version=\u00a0\u00bb4.23.4&Prime; _module_preset=\u00a0\u00bbdefault\u00a0\u00bb text_font=\u00a0\u00bbAcme||||||||\u00a0\u00bb text_text_color=\u00a0\u00bb#000000&Prime; text_font_size=\u00a0\u00bb21px\u00a0\u00bb text_line_height=\u00a0\u00bb1.3em\u00a0\u00bb background_enable_color=\u00a0\u00bboff\u00a0\u00bb text_orientation=\u00a0\u00bbcenter\u00a0\u00bb custom_margin=\u00a0\u00bb||||false|false\u00a0\u00bb custom_padding=\u00a0\u00bb14px|14px|14px|14px|true|true\u00a0\u00bb global_colors_info=\u00a0\u00bb{}\u00a0\u00bb]<\/p>\n<p><span>Le d\u00e9broussaillage, par son action d&rsquo;\u00e9limination des v\u00e9g\u00e9taux ind\u00e9sirables d&rsquo;un terrain, joue un r\u00f4le crucial dans la r\u00e9duction des risques d&rsquo;incendie, l&rsquo;am\u00e9lioration de l&rsquo;aspect esth\u00e9tique du jardin et la promotion de la croissance des plantes souhait\u00e9es, assurant ainsi un environnement ext\u00e9rieur s\u00fbr, attrayant et florissant<\/span><\/p>\n<p>[\/et_pb_text][et_pb_button button_url=\u00a0\u00bbhttps:\/\/ange-garden.fr\/?page_id=587&Prime; button_text=\u00a0\u00bbContacter\u00a0\u00bb button_alignment=\u00a0\u00bbcenter\u00a0\u00bb _builder_version=\u00a0\u00bb4.23.4&Prime; _module_preset=\u00a0\u00bbdefault\u00a0\u00bb custom_button=\u00a0\u00bbon\u00a0\u00bb button_text_color=\u00a0\u00bb#FFFFFF\u00a0\u00bb button_bg_color=\u00a0\u00bb#655f35&Prime; button_border_color=\u00a0\u00bb#655f35&Prime; button_font=\u00a0\u00bbAlegreya||||||||\u00a0\u00bb global_colors_info=\u00a0\u00bb{}\u00a0\u00bb theme_builder_area=\u00a0\u00bbpost_content\u00a0\u00bb][\/et_pb_button][\/et_pb_column][\/et_pb_row][\/et_pb_section]<\/p>\n","protected":false},"excerpt":{"rendered":"<p>D\u00e9broussaillage\u00c9liminer les v\u00e9g\u00e9taux ind\u00e9sirables d&rsquo;un terrainLe d\u00e9broussaillage, par son action d&rsquo;\u00e9limination des v\u00e9g\u00e9taux ind\u00e9sirables d&rsquo;un terrain, joue un r\u00f4le crucial dans la r\u00e9duction des risques d&rsquo;incendie, l&rsquo;am\u00e9lioration de l&rsquo;aspect esth\u00e9tique du jardin et la promotion de la croissance des plantes souhait\u00e9es, assurant ainsi un environnement ext\u00e9rieur s\u00fbr, attrayant et florissant<\/p>\n","protected":false},"author":1,"featured_media":0,"parent":0,"menu_order":0,"comment_status":"closed","ping_status":"closed","template":"","meta":{"_et_pb_use_builder":"on","_et_pb_old_content":"","_et_gb_content_width":"","_monsterinsights_skip_tracking":false,"_monsterinsights_sitenote_active":false,"_monsterinsights_sitenote_note":"","_monsterinsights_sitenote_category":0,"footnotes":""},"class_list":["post-307","page","type-page","status-publish","hentry"],"yoast_head":"<!-- This site is optimized with the Yoast SEO plugin v26.8 - https:\/\/yoast.com\/product\/yoast-seo-wordpress\/ -->\n<title>D\u00e9broussaillage - Ange Garden<\/title>\n<meta name=\"description\" content=\"Ange Garden peut s&#039;occuper du d\u00e9broussaillage de votre jardin pour \u00e9liminer les v\u00e9g\u00e9taux ind\u00e9sirables de votre terrain.\" \/>\n<meta name=\"robots\" content=\"index, follow, max-snippet:-1, max-image-preview:large, max-video-preview:-1\" \/>\n<link rel=\"canonical\" href=\"https:\/\/ange-garden.fr\/?page_id=307\" \/>\n<meta property=\"og:locale\" content=\"fr_FR\" \/>\n<meta property=\"og:type\" content=\"article\" \/>\n<meta property=\"og:title\" content=\"D\u00e9broussaillage - Ange Garden\" \/>\n<meta property=\"og:description\" content=\"Ange Garden peut s&#039;occuper du d\u00e9broussaillage de votre jardin pour \u00e9liminer les v\u00e9g\u00e9taux ind\u00e9sirables de votre terrain.\" \/>\n<meta property=\"og:url\" content=\"https:\/\/ange-garden.fr\/?page_id=307\" \/>\n<meta property=\"og:site_name\" content=\"Ange Garden\" \/>\n<meta property=\"article:modified_time\" content=\"2025-01-07T13:19:13+00:00\" \/>\n<meta name=\"twitter:card\" content=\"summary_large_image\" \/>\n<meta name=\"twitter:label1\" content=\"Dur\u00e9e de lecture estim\u00e9e\" \/>\n\t<meta name=\"twitter:data1\" content=\"1 minute\" \/>\n<script type=\"application\/ld+json\" class=\"yoast-schema-graph\">{\"@context\":\"https:\/\/schema.org\",\"@graph\":[{\"@type\":\"WebPage\",\"@id\":\"https:\/\/ange-garden.fr\/?page_id=307\",\"url\":\"https:\/\/ange-garden.fr\/?page_id=307\",\"name\":\"D\u00e9broussaillage - Ange Garden\",\"isPartOf\":{\"@id\":\"https:\/\/ange-garden.fr\/#website\"},\"datePublished\":\"2024-03-16T16:22:06+00:00\",\"dateModified\":\"2025-01-07T13:19:13+00:00\",\"description\":\"Ange Garden peut s'occuper du d\u00e9broussaillage de votre jardin pour \u00e9liminer les v\u00e9g\u00e9taux ind\u00e9sirables de votre terrain.\",\"breadcrumb\":{\"@id\":\"https:\/\/ange-garden.fr\/?page_id=307#breadcrumb\"},\"inLanguage\":\"fr-FR\",\"potentialAction\":[{\"@type\":\"ReadAction\",\"target\":[\"https:\/\/ange-garden.fr\/?page_id=307\"]}]},{\"@type\":\"BreadcrumbList\",\"@id\":\"https:\/\/ange-garden.fr\/?page_id=307#breadcrumb\",\"itemListElement\":[{\"@type\":\"ListItem\",\"position\":1,\"name\":\"Accueil\",\"item\":\"https:\/\/ange-garden.fr\/\"},{\"@type\":\"ListItem\",\"position\":2,\"name\":\"D\u00e9broussaillage\"}]},{\"@type\":\"WebSite\",\"@id\":\"https:\/\/ange-garden.fr\/#website\",\"url\":\"https:\/\/ange-garden.fr\/\",\"name\":\"Ange Garden\",\"description\":\"Jardinier paysagiste Golfe de Saint-Tropez\",\"publisher\":{\"@id\":\"https:\/\/ange-garden.fr\/#organization\"},\"potentialAction\":[{\"@type\":\"SearchAction\",\"target\":{\"@type\":\"EntryPoint\",\"urlTemplate\":\"https:\/\/ange-garden.fr\/?s={search_term_string}\"},\"query-input\":{\"@type\":\"PropertyValueSpecification\",\"valueRequired\":true,\"valueName\":\"search_term_string\"}}],\"inLanguage\":\"fr-FR\"},{\"@type\":\"Organization\",\"@id\":\"https:\/\/ange-garden.fr\/#organization\",\"name\":\"Ange Garden\",\"url\":\"https:\/\/ange-garden.fr\/\",\"logo\":{\"@type\":\"ImageObject\",\"inLanguage\":\"fr-FR\",\"@id\":\"https:\/\/ange-garden.fr\/#\/schema\/logo\/image\/\",\"url\":\"https:\/\/ange-garden.fr\/wp-content\/uploads\/2024\/03\/logo-4.png\",\"contentUrl\":\"https:\/\/ange-garden.fr\/wp-content\/uploads\/2024\/03\/logo-4.png\",\"width\":500,\"height\":500,\"caption\":\"Ange Garden\"},\"image\":{\"@id\":\"https:\/\/ange-garden.fr\/#\/schema\/logo\/image\/\"}}]}<\/script>\n<!-- \/ Yoast SEO plugin. -->","yoast_head_json":{"title":"D\u00e9broussaillage - Ange Garden","description":"Ange Garden peut s'occuper du d\u00e9broussaillage de votre jardin pour \u00e9liminer les v\u00e9g\u00e9taux ind\u00e9sirables de votre terrain.","robots":{"index":"index","follow":"follow","max-snippet":"max-snippet:-1","max-image-preview":"max-image-preview:large","max-video-preview":"max-video-preview:-1"},"canonical":"https:\/\/ange-garden.fr\/?page_id=307","og_locale":"fr_FR","og_type":"article","og_title":"D\u00e9broussaillage - Ange Garden","og_description":"Ange Garden peut s'occuper du d\u00e9broussaillage de votre jardin pour \u00e9liminer les v\u00e9g\u00e9taux ind\u00e9sirables de votre terrain.","og_url":"https:\/\/ange-garden.fr\/?page_id=307","og_site_name":"Ange Garden","article_modified_time":"2025-01-07T13:19:13+00:00","twitter_card":"summary_large_image","twitter_misc":{"Dur\u00e9e de lecture estim\u00e9e":"1 minute"},"schema":{"@context":"https:\/\/schema.org","@graph":[{"@type":"WebPage","@id":"https:\/\/ange-garden.fr\/?page_id=307","url":"https:\/\/ange-garden.fr\/?page_id=307","name":"D\u00e9broussaillage - Ange Garden","isPartOf":{"@id":"https:\/\/ange-garden.fr\/#website"},"datePublished":"2024-03-16T16:22:06+00:00","dateModified":"2025-01-07T13:19:13+00:00","description":"Ange Garden peut s'occuper du d\u00e9broussaillage de votre jardin pour \u00e9liminer les v\u00e9g\u00e9taux ind\u00e9sirables de votre terrain.","breadcrumb":{"@id":"https:\/\/ange-garden.fr\/?page_id=307#breadcrumb"},"inLanguage":"fr-FR","potentialAction":[{"@type":"ReadAction","target":["https:\/\/ange-garden.fr\/?page_id=307"]}]},{"@type":"BreadcrumbList","@id":"https:\/\/ange-garden.fr\/?page_id=307#breadcrumb","itemListElement":[{"@type":"ListItem","position":1,"name":"Accueil","item":"https:\/\/ange-garden.fr\/"},{"@type":"ListItem","position":2,"name":"D\u00e9broussaillage"}]},{"@type":"WebSite","@id":"https:\/\/ange-garden.fr\/#website","url":"https:\/\/ange-garden.fr\/","name":"Ange Garden","description":"Jardinier paysagiste Golfe de Saint-Tropez","publisher":{"@id":"https:\/\/ange-garden.fr\/#organization"},"potentialAction":[{"@type":"SearchAction","target":{"@type":"EntryPoint","urlTemplate":"https:\/\/ange-garden.fr\/?s={search_term_string}"},"query-input":{"@type":"PropertyValueSpecification","valueRequired":true,"valueName":"search_term_string"}}],"inLanguage":"fr-FR"},{"@type":"Organization","@id":"https:\/\/ange-garden.fr\/#organization","name":"Ange Garden","url":"https:\/\/ange-garden.fr\/","logo":{"@type":"ImageObject","inLanguage":"fr-FR","@id":"https:\/\/ange-garden.fr\/#\/schema\/logo\/image\/","url":"https:\/\/ange-garden.fr\/wp-content\/uploads\/2024\/03\/logo-4.png","contentUrl":"https:\/\/ange-garden.fr\/wp-content\/uploads\/2024\/03\/logo-4.png","width":500,"height":500,"caption":"Ange Garden"},"image":{"@id":"https:\/\/ange-garden.fr\/#\/schema\/logo\/image\/"}}]}},"_links":{"self":[{"href":"https:\/\/ange-garden.fr\/index.php?rest_route=\/wp\/v2\/pages\/307","targetHints":{"allow":["GET"]}}],"collection":[{"href":"https:\/\/ange-garden.fr\/index.php?rest_route=\/wp\/v2\/pages"}],"about":[{"href":"https:\/\/ange-garden.fr\/index.php?rest_route=\/wp\/v2\/types\/page"}],"author":[{"embeddable":true,"href":"https:\/\/ange-garden.fr\/index.php?rest_route=\/wp\/v2\/users\/1"}],"replies":[{"embeddable":true,"href":"https:\/\/ange-garden.fr\/index.php?rest_route=%2Fwp%2Fv2%2Fcomments&post=307"}],"version-history":[{"count":9,"href":"https:\/\/ange-garden.fr\/index.php?rest_route=\/wp\/v2\/pages\/307\/revisions"}],"predecessor-version":[{"id":607,"href":"https:\/\/ange-garden.fr\/index.php?rest_route=\/wp\/v2\/pages\/307\/revisions\/607"}],"wp:attachment":[{"href":"https:\/\/ange-garden.fr\/index.php?rest_route=%2Fwp%2Fv2%2Fmedia&parent=307"}],"curies":[{"name":"wp","href":"https:\/\/api.w.org\/{rel}","templated":true}]}}