{"id":631,"date":"2025-01-08T15:14:56","date_gmt":"2025-01-08T14:14:56","guid":{"rendered":"https:\/\/ange-garden.fr\/?page_id=631"},"modified":"2025-01-27T14:50:20","modified_gmt":"2025-01-27T13:50:20","slug":"services-a-la-personne","status":"publish","type":"page","link":"https:\/\/ange-garden.fr\/?page_id=631","title":{"rendered":"Services \u00e0 la personne"},"content":{"rendered":"<p>[et_pb_section fb_built=\u00a0\u00bb1&Prime; _builder_version=\u00a0\u00bb4.23.4&Prime; _module_preset=\u00a0\u00bbdefault\u00a0\u00bb background_color=\u00a0\u00bb#e3e2db\u00a0\u00bb custom_padding=\u00a0\u00bb0px||23px|||\u00a0\u00bb global_colors_info=\u00a0\u00bb{}\u00a0\u00bb][et_pb_row _builder_version=\u00a0\u00bb4.23.4&Prime; _module_preset=\u00a0\u00bbdefault\u00a0\u00bb width=\u00a0\u00bb100%\u00a0\u00bb min_height=\u00a0\u00bb297px\u00a0\u00bb custom_padding=\u00a0\u00bb0px||0px|||\u00a0\u00bb global_colors_info=\u00a0\u00bb{}\u00a0\u00bb][et_pb_column type=\u00a0\u00bb4_4&Prime; _builder_version=\u00a0\u00bb4.23.4&Prime; _module_preset=\u00a0\u00bbdefault\u00a0\u00bb global_colors_info=\u00a0\u00bb{}\u00a0\u00bb][et_pb_text _builder_version=\u00a0\u00bb4.23.4&Prime; _module_preset=\u00a0\u00bbdefault\u00a0\u00bb text_text_color=\u00a0\u00bb#231f20&Prime; header_font=\u00a0\u00bbAlegreya|700|||||||\u00a0\u00bb header_text_align=\u00a0\u00bbcenter\u00a0\u00bb header_text_color=\u00a0\u00bb#231f20&Prime; header_font_size=\u00a0\u00bb37px\u00a0\u00bb custom_margin=\u00a0\u00bb||5px|||\u00a0\u00bb custom_padding=\u00a0\u00bb||17px|||\u00a0\u00bb global_colors_info=\u00a0\u00bb{}\u00a0\u00bb header_text_shadow_horizontal_length__hover_enabled=\u00a0\u00bboff|desktop\u00a0\u00bb]<\/p>\n<h1>Services \u00e0 la personne<br \/>Petits travaux de jardinage<\/h1>\n<p>[\/et_pb_text][et_pb_image src=\u00a0\u00bbhttps:\/\/ange-garden.fr\/wp-content\/uploads\/2025\/01\/Service-a-la-personne.png\u00a0\u00bb title_text=\u00a0\u00bbService \u00e0 la personne\u00a0\u00bb _builder_version=\u00a0\u00bb4.23.4&Prime; _module_preset=\u00a0\u00bbdefault\u00a0\u00bb width=\u00a0\u00bb32%\u00a0\u00bb width_tablet=\u00a0\u00bb75%\u00a0\u00bb width_phone=\u00a0\u00bb68%\u00a0\u00bb width_last_edited=\u00a0\u00bbon|phone\u00a0\u00bb module_alignment=\u00a0\u00bbcenter\u00a0\u00bb custom_margin=\u00a0\u00bb||2px|||\u00a0\u00bb global_colors_info=\u00a0\u00bb{}\u00a0\u00bb][\/et_pb_image][\/et_pb_column][\/et_pb_row][et_pb_row _builder_version=\u00a0\u00bb4.23.4&Prime; _module_preset=\u00a0\u00bbdefault\u00a0\u00bb width=\u00a0\u00bb72%\u00a0\u00bb width_tablet=\u00a0\u00bb72%\u00a0\u00bb width_phone=\u00a0\u00bb92%\u00a0\u00bb width_last_edited=\u00a0\u00bbon|phone\u00a0\u00bb global_colors_info=\u00a0\u00bb{}\u00a0\u00bb][et_pb_column type=\u00a0\u00bb4_4&Prime; _builder_version=\u00a0\u00bb4.23.4&Prime; _module_preset=\u00a0\u00bbdefault\u00a0\u00bb global_colors_info=\u00a0\u00bb{}\u00a0\u00bb][et_pb_text _builder_version=\u00a0\u00bb4.23.4&Prime; _module_preset=\u00a0\u00bbdefault\u00a0\u00bb text_text_color=\u00a0\u00bb#231f20&Prime; header_font=\u00a0\u00bbRouge Script|700|||||||\u00a0\u00bb header_text_align=\u00a0\u00bbcenter\u00a0\u00bb header_text_color=\u00a0\u00bb#645f35&Prime; header_font_size=\u00a0\u00bb55px\u00a0\u00bb header_2_font=\u00a0\u00bbRouge Script|700|||||||\u00a0\u00bb header_2_text_align=\u00a0\u00bbcenter\u00a0\u00bb header_2_text_color=\u00a0\u00bb#645f35&Prime; header_2_font_size=\u00a0\u00bb45px\u00a0\u00bb custom_margin=\u00a0\u00bb||9px|||\u00a0\u00bb header_2_font_size_tablet=\u00a0\u00bb45px\u00a0\u00bb header_2_font_size_phone=\u00a0\u00bb36px\u00a0\u00bb header_2_font_size_last_edited=\u00a0\u00bbon|phone\u00a0\u00bb header_text_shadow_style=\u00a0\u00bbpreset5&Prime; header_text_shadow_horizontal_length=\u00a0\u00bb0.01em\u00a0\u00bb header_text_shadow_vertical_length=\u00a0\u00bb0em\u00a0\u00bb header_text_shadow_color=\u00a0\u00bb#f8e3b3&Prime; global_colors_info=\u00a0\u00bb{}\u00a0\u00bb header_text_shadow_horizontal_length__hover_enabled=\u00a0\u00bboff|desktop\u00a0\u00bb]<\/p>\n<h2><span data-olk-copy-source=\"MessageBody\">B\u00e9n\u00e9ficier d\u2019une r\u00e9duction ou d\u2019un cr\u00e9dit d\u2019imp\u00f4t de 50% sur la facture d&rsquo;entretien du jardin !<\/span><\/h2>\n<p>[\/et_pb_text][et_pb_text _builder_version=\u00a0\u00bb4.23.4&Prime; _module_preset=\u00a0\u00bbdefault\u00a0\u00bb text_font=\u00a0\u00bbAcme||||||||\u00a0\u00bb text_text_color=\u00a0\u00bb#000000&Prime; text_font_size=\u00a0\u00bb21px\u00a0\u00bb text_line_height=\u00a0\u00bb1.3em\u00a0\u00bb background_enable_color=\u00a0\u00bboff\u00a0\u00bb text_orientation=\u00a0\u00bbcenter\u00a0\u00bb custom_margin=\u00a0\u00bb||||false|false\u00a0\u00bb custom_padding=\u00a0\u00bb14px|14px|14px|14px|true|true\u00a0\u00bb hover_enabled=\u00a0\u00bb0&Prime; global_colors_info=\u00a0\u00bb{}\u00a0\u00bb sticky_enabled=\u00a0\u00bb0&Prime;]<\/p>\n<p>Ange Garden est membre d\u2019une coop\u00e9rative de services \u00e0 la personne, qui permet aux clients de b\u00e9n\u00e9ficier d\u2019une r\u00e9duction ou d\u2019un cr\u00e9dit d\u2019imp\u00f4t de 50% sur la facture d&rsquo;entretien du jardin . Il y a \u00e9galement un avantage suppl\u00e9mentaire a cette adh\u00e9sion, en effet, cette coop\u00e9rative n\u2019applique aucune commission sur les prestations r\u00e9alis\u00e9es .<\/p>\n<p><span data-olk-copy-source=\"MessageBody\">Le plafond de cette activit\u00e9 s\u2019\u00e9l\u00e8ve \u00e0 5000\u20ac TTC par an et par foyer fiscal soit 2500\u20ac de r\u00e9duction au maximum.<\/span><\/p>\n<p>[\/et_pb_text][et_pb_text _builder_version=\u00a0\u00bb4.23.4&Prime; _module_preset=\u00a0\u00bbdefault\u00a0\u00bb text_font=\u00a0\u00bbAcme|||on|||||\u00a0\u00bb text_text_color=\u00a0\u00bb#000000&Prime; text_font_size=\u00a0\u00bb23px\u00a0\u00bb text_line_height=\u00a0\u00bb1.3em\u00a0\u00bb background_enable_color=\u00a0\u00bboff\u00a0\u00bb text_orientation=\u00a0\u00bbcenter\u00a0\u00bb custom_margin=\u00a0\u00bb||3px||false|false\u00a0\u00bb custom_padding=\u00a0\u00bb8px|14px|8px|14px|true|true\u00a0\u00bb global_colors_info=\u00a0\u00bb{}\u00a0\u00bb]<\/p>\n<p><span style=\"text-decoration: underline;\">Les prestations \u00e9ligibles :<\/span><\/p>\n<p>[\/et_pb_text][et_pb_text _builder_version=\u00a0\u00bb4.23.4&Prime; _module_preset=\u00a0\u00bbdefault\u00a0\u00bb text_font=\u00a0\u00bbAcme||||||||\u00a0\u00bb text_text_color=\u00a0\u00bb#000000&Prime; text_font_size=\u00a0\u00bb21px\u00a0\u00bb text_line_height=\u00a0\u00bb1.3em\u00a0\u00bb background_enable_color=\u00a0\u00bboff\u00a0\u00bb text_orientation=\u00a0\u00bbcenter\u00a0\u00bb custom_margin=\u00a0\u00bb||-11px||false|false\u00a0\u00bb custom_padding=\u00a0\u00bb13px|14px|13px|14px|true|true\u00a0\u00bb global_colors_info=\u00a0\u00bb{}\u00a0\u00bb]<\/p>\n<p><span data-olk-copy-source=\"MessageBody\">De nombreuses prestations courantes d\u2019entretien de jardins et d\u2019espaces verts entrent dans le cadre des prestations de services \u00e0 la personne.<\/span><\/p>\n<p>[\/et_pb_text][et_pb_text _builder_version=\u00a0\u00bb4.23.4&Prime; _module_preset=\u00a0\u00bbdefault\u00a0\u00bb text_font=\u00a0\u00bbAcme||||||||\u00a0\u00bb text_text_color=\u00a0\u00bb#645f35&Prime; text_font_size=\u00a0\u00bb22px\u00a0\u00bb text_line_height=\u00a0\u00bb1.3em\u00a0\u00bb background_enable_color=\u00a0\u00bboff\u00a0\u00bb text_orientation=\u00a0\u00bbcenter\u00a0\u00bb custom_margin=\u00a0\u00bb||9px||false|false\u00a0\u00bb custom_padding=\u00a0\u00bb14px|14px|14px|14px|true|true\u00a0\u00bb global_colors_info=\u00a0\u00bb{}\u00a0\u00bb]<\/p>\n<div dir=\"auto\" data-ogsc=\"\">\n<p style=\"text-align: center;\"><span data-ogsc=\"\" data-olk-copy-source=\"MessageBody\">&gt; Tonte de pelouse<br \/><\/span><span data-ogsc=\"\" data-olk-copy-source=\"MessageBody\">&gt; <\/span>D\u00e9broussaillage<\/p>\n<\/div>\n<div dir=\"auto\" data-ogsc=\"\" style=\"text-align: center;\">\n<div data-ogsc=\"\">\n<div data-ogsc=\"\">\n<div data-ogsc=\"\"><span data-ogsc=\"\">&gt; Entretien des massifs<\/span><\/div>\n<\/div>\n<\/div>\n<\/div>\n<div dir=\"auto\" data-ogsc=\"\" style=\"text-align: center;\">\n<div data-ogsc=\"\">\n<div data-ogsc=\"\">\n<div data-ogsc=\"\"><span data-ogsc=\"\">&gt; Arrosage manuel des v\u00e9g\u00e9taux (hors maintenance d\u2019arrosage, hors goutte \u00e0<br \/>goutte)<\/span><\/div>\n<\/div>\n<\/div>\n<\/div>\n<div dir=\"auto\" data-ogsc=\"\" style=\"text-align: center;\">\n<div data-ogsc=\"\">\n<div data-ogsc=\"\">\n<div data-ogsc=\"\"><span data-ogsc=\"\">&gt; Ramassage des feuilles<\/span><\/div>\n<\/div>\n<\/div>\n<\/div>\n<div dir=\"auto\" data-ogsc=\"\" style=\"text-align: center;\">\n<div data-ogsc=\"\">\n<div data-ogsc=\"\">\n<div data-ogsc=\"\"><span data-ogsc=\"\">&gt; Scarification<\/span><\/div>\n<\/div>\n<\/div>\n<\/div>\n<div dir=\"auto\" data-ogsc=\"\" style=\"text-align: center;\">\n<div data-ogsc=\"\">\n<div data-ogsc=\"\">\n<div data-ogsc=\"\"><span data-ogsc=\"\">&gt; Application d\u2019engrais et\/ou d\u2019amendements<\/span><\/div>\n<\/div>\n<\/div>\n<\/div>\n<div dir=\"auto\" data-ogsc=\"\" style=\"text-align: center;\">\n<div data-ogsc=\"\">\n<div data-ogsc=\"\">\n<div data-ogsc=\"\"><span data-ogsc=\"\">&gt; D\u00e9neigement<\/span><\/div>\n<\/div>\n<\/div>\n<\/div>\n<div dir=\"auto\" data-ogsc=\"\" style=\"text-align: center;\">\n<div data-ogsc=\"\">\n<div data-ogsc=\"\">\n<div data-ogsc=\"\"><span data-ogsc=\"\">&gt; B\u00eachage, binage et griffage<\/span><\/div>\n<\/div>\n<\/div>\n<\/div>\n<div dir=\"auto\" data-ogsc=\"\" style=\"text-align: center;\">\n<div data-ogsc=\"\">\n<div data-ogsc=\"\">\n<div data-ogsc=\"\"><span data-ogsc=\"\">&gt; D\u00e9sherbage<\/span><\/div>\n<\/div>\n<\/div>\n<\/div>\n<div dir=\"auto\" data-ogsc=\"\" style=\"text-align: center;\">\n<div data-ogsc=\"\">\n<div data-ogsc=\"\">\n<div data-ogsc=\"\"><span data-ogsc=\"\">&gt; Petit arrachage manuel et \u00e9vacuation des v\u00e9g\u00e9taux<\/span><\/div>\n<\/div>\n<\/div>\n<\/div>\n<div dir=\"auto\" data-ogsc=\"\" style=\"text-align: center;\">\n<div data-ogsc=\"\">\n<div data-ogsc=\"\">\n<div data-ogsc=\"\"><span data-ogsc=\"\">&gt; Taille de haies, fruitiers, rosiers et plantes grimpantes, les travaux effectu\u00e9s \u00e0 partir du sol<\/span><\/div>\n<\/div>\n<\/div>\n<\/div>\n<div dir=\"auto\" data-ogsc=\"\" style=\"text-align: center;\">\n<div data-ogsc=\"\">\n<div dir=\"auto\" data-ogsc=\"\"><span data-ogsc=\"\">&gt; Taille d\u2019arbres et arbustes hors \u00e9lagage, effectu\u00e9e \u00e0 partir du sol\u00a0<\/span><\/div>\n<\/div>\n<\/div>\n<div dir=\"auto\" data-ogsc=\"\" style=\"text-align: center;\">\n<div data-ogsc=\"\">\n<div data-ogsc=\"\">\n<div data-ogsc=\"\"><span data-ogsc=\"\">&gt; Traitement simple des arbres et arbustes<\/span><\/div>\n<\/div>\n<\/div>\n<\/div>\n<div dir=\"auto\" data-ogsc=\"\">\n<div data-ogsc=\"\">\n<div data-ogsc=\"\">\n<div data-ogsc=\"\" style=\"text-align: center;\"><span data-ogsc=\"\">&gt; Traitement simple des gazons<\/span><\/div>\n<\/div>\n<\/div>\n<\/div>\n<p>[\/et_pb_text][et_pb_button button_url=\u00a0\u00bbhttps:\/\/ange-garden.fr\/?page_id=587&Prime; button_text=\u00a0\u00bbContacter\u00a0\u00bb button_alignment=\u00a0\u00bbcenter\u00a0\u00bb _builder_version=\u00a0\u00bb4.23.4&Prime; _module_preset=\u00a0\u00bbdefault\u00a0\u00bb custom_button=\u00a0\u00bbon\u00a0\u00bb button_text_color=\u00a0\u00bb#FFFFFF\u00a0\u00bb button_bg_color=\u00a0\u00bb#655f35&Prime; button_border_color=\u00a0\u00bb#655f35&Prime; button_font=\u00a0\u00bbAlegreya||||||||\u00a0\u00bb global_colors_info=\u00a0\u00bb{}\u00a0\u00bb][\/et_pb_button][\/et_pb_column][\/et_pb_row][\/et_pb_section]<\/p>\n","protected":false},"excerpt":{"rendered":"<p>Services \u00e0 la personnePetits travaux de jardinageB\u00e9n\u00e9ficier d\u2019une r\u00e9duction ou d\u2019un cr\u00e9dit d\u2019imp\u00f4t de 50% sur la facture d&rsquo;entretien du jardin !Ange Garden est membre d\u2019une coop\u00e9rative de services \u00e0 la personne, qui permet aux clients de b\u00e9n\u00e9ficier d\u2019une r\u00e9duction ou d\u2019un cr\u00e9dit d\u2019imp\u00f4t de 50% sur la facture d&rsquo;entretien du jardin . Il y a \u00e9galement un avantage suppl\u00e9mentaire a cette adh\u00e9sion, en effet, cette coop\u00e9rative n\u2019applique aucune commission sur les prestations r\u00e9alis\u00e9es . Le plafond de cette activit\u00e9 s\u2019\u00e9l\u00e8ve \u00e0 5000\u20ac TTC par an et par foyer fiscal soit 2500\u20ac de r\u00e9duction au maximum.Les prestations \u00e9ligibles :De nombreuses prestations courantes d\u2019entretien de jardins et d\u2019espaces verts entrent dans le cadre des prestations de services \u00e0 la personne. &gt; Tonte de pelouse&gt; D\u00e9broussaillage &gt; Entretien des massifs &gt; Arrosage manuel des v\u00e9g\u00e9taux (hors maintenance d\u2019arrosage, hors goutte \u00e0goutte) &gt; Ramassage des feuilles &gt; Scarification &gt; Application d\u2019engrais et\/ou d\u2019amendements &gt; D\u00e9neigement &gt; B\u00eachage, binage et griffage &gt; D\u00e9sherbage &gt; Petit arrachage manuel et \u00e9vacuation des v\u00e9g\u00e9taux &gt; Taille de haies, fruitiers, rosiers et plantes grimpantes, les travaux effectu\u00e9s \u00e0 partir du sol &gt; Taille d\u2019arbres et arbustes hors \u00e9lagage, effectu\u00e9e \u00e0 partir du sol\u00a0 &gt; Traitement simple des arbres [&hellip;]<\/p>\n","protected":false},"author":1,"featured_media":0,"parent":0,"menu_order":0,"comment_status":"closed","ping_status":"closed","template":"","meta":{"_et_pb_use_builder":"on","_et_pb_old_content":"","_et_gb_content_width":"","_monsterinsights_skip_tracking":false,"_monsterinsights_sitenote_active":false,"_monsterinsights_sitenote_note":"","_monsterinsights_sitenote_category":0,"footnotes":""},"class_list":["post-631","page","type-page","status-publish","hentry"],"yoast_head":"<!-- This site is optimized with the Yoast SEO plugin v26.8 - https:\/\/yoast.com\/product\/yoast-seo-wordpress\/ -->\n<title>Services \u00e0 la personne - Ange Garden<\/title>\n<meta name=\"description\" content=\"Ange Garden permet aux clients de b\u00e9n\u00e9ficier d\u2019une r\u00e9duction ou d\u2019un cr\u00e9dit d\u2019imp\u00f4t de 50% sur la facture d&#039;entretien du jardin !\" \/>\n<meta name=\"robots\" content=\"index, follow, max-snippet:-1, max-image-preview:large, max-video-preview:-1\" \/>\n<link rel=\"canonical\" href=\"https:\/\/ange-garden.fr\/?page_id=631\" \/>\n<meta property=\"og:locale\" content=\"fr_FR\" \/>\n<meta property=\"og:type\" content=\"article\" \/>\n<meta property=\"og:title\" content=\"Services \u00e0 la personne - Ange Garden\" \/>\n<meta property=\"og:description\" content=\"Ange Garden permet aux clients de b\u00e9n\u00e9ficier d\u2019une r\u00e9duction ou d\u2019un cr\u00e9dit d\u2019imp\u00f4t de 50% sur la facture d&#039;entretien du jardin !\" \/>\n<meta property=\"og:url\" content=\"https:\/\/ange-garden.fr\/?page_id=631\" \/>\n<meta property=\"og:site_name\" content=\"Ange Garden\" \/>\n<meta property=\"article:modified_time\" content=\"2025-01-27T13:50:20+00:00\" \/>\n<meta name=\"twitter:card\" content=\"summary_large_image\" \/>\n<script type=\"application\/ld+json\" class=\"yoast-schema-graph\">{\"@context\":\"https:\/\/schema.org\",\"@graph\":[{\"@type\":\"WebPage\",\"@id\":\"https:\/\/ange-garden.fr\/?page_id=631\",\"url\":\"https:\/\/ange-garden.fr\/?page_id=631\",\"name\":\"Services \u00e0 la personne - Ange Garden\",\"isPartOf\":{\"@id\":\"https:\/\/ange-garden.fr\/#website\"},\"datePublished\":\"2025-01-08T14:14:56+00:00\",\"dateModified\":\"2025-01-27T13:50:20+00:00\",\"description\":\"Ange Garden permet aux clients de b\u00e9n\u00e9ficier d\u2019une r\u00e9duction ou d\u2019un cr\u00e9dit d\u2019imp\u00f4t de 50% sur la facture d'entretien du jardin !\",\"breadcrumb\":{\"@id\":\"https:\/\/ange-garden.fr\/?page_id=631#breadcrumb\"},\"inLanguage\":\"fr-FR\",\"potentialAction\":[{\"@type\":\"ReadAction\",\"target\":[\"https:\/\/ange-garden.fr\/?page_id=631\"]}]},{\"@type\":\"BreadcrumbList\",\"@id\":\"https:\/\/ange-garden.fr\/?page_id=631#breadcrumb\",\"itemListElement\":[{\"@type\":\"ListItem\",\"position\":1,\"name\":\"Accueil\",\"item\":\"https:\/\/ange-garden.fr\/\"},{\"@type\":\"ListItem\",\"position\":2,\"name\":\"Services \u00e0 la personne\"}]},{\"@type\":\"WebSite\",\"@id\":\"https:\/\/ange-garden.fr\/#website\",\"url\":\"https:\/\/ange-garden.fr\/\",\"name\":\"Ange Garden\",\"description\":\"Jardinier paysagiste Golfe de Saint-Tropez\",\"publisher\":{\"@id\":\"https:\/\/ange-garden.fr\/#organization\"},\"potentialAction\":[{\"@type\":\"SearchAction\",\"target\":{\"@type\":\"EntryPoint\",\"urlTemplate\":\"https:\/\/ange-garden.fr\/?s={search_term_string}\"},\"query-input\":{\"@type\":\"PropertyValueSpecification\",\"valueRequired\":true,\"valueName\":\"search_term_string\"}}],\"inLanguage\":\"fr-FR\"},{\"@type\":\"Organization\",\"@id\":\"https:\/\/ange-garden.fr\/#organization\",\"name\":\"Ange Garden\",\"url\":\"https:\/\/ange-garden.fr\/\",\"logo\":{\"@type\":\"ImageObject\",\"inLanguage\":\"fr-FR\",\"@id\":\"https:\/\/ange-garden.fr\/#\/schema\/logo\/image\/\",\"url\":\"https:\/\/ange-garden.fr\/wp-content\/uploads\/2024\/03\/logo-4.png\",\"contentUrl\":\"https:\/\/ange-garden.fr\/wp-content\/uploads\/2024\/03\/logo-4.png\",\"width\":500,\"height\":500,\"caption\":\"Ange Garden\"},\"image\":{\"@id\":\"https:\/\/ange-garden.fr\/#\/schema\/logo\/image\/\"}}]}<\/script>\n<!-- \/ Yoast SEO plugin. -->","yoast_head_json":{"title":"Services \u00e0 la personne - Ange Garden","description":"Ange Garden permet aux clients de b\u00e9n\u00e9ficier d\u2019une r\u00e9duction ou d\u2019un cr\u00e9dit d\u2019imp\u00f4t de 50% sur la facture d'entretien du jardin !","robots":{"index":"index","follow":"follow","max-snippet":"max-snippet:-1","max-image-preview":"max-image-preview:large","max-video-preview":"max-video-preview:-1"},"canonical":"https:\/\/ange-garden.fr\/?page_id=631","og_locale":"fr_FR","og_type":"article","og_title":"Services \u00e0 la personne - Ange Garden","og_description":"Ange Garden permet aux clients de b\u00e9n\u00e9ficier d\u2019une r\u00e9duction ou d\u2019un cr\u00e9dit d\u2019imp\u00f4t de 50% sur la facture d'entretien du jardin !","og_url":"https:\/\/ange-garden.fr\/?page_id=631","og_site_name":"Ange Garden","article_modified_time":"2025-01-27T13:50:20+00:00","twitter_card":"summary_large_image","schema":{"@context":"https:\/\/schema.org","@graph":[{"@type":"WebPage","@id":"https:\/\/ange-garden.fr\/?page_id=631","url":"https:\/\/ange-garden.fr\/?page_id=631","name":"Services \u00e0 la personne - Ange Garden","isPartOf":{"@id":"https:\/\/ange-garden.fr\/#website"},"datePublished":"2025-01-08T14:14:56+00:00","dateModified":"2025-01-27T13:50:20+00:00","description":"Ange Garden permet aux clients de b\u00e9n\u00e9ficier d\u2019une r\u00e9duction ou d\u2019un cr\u00e9dit d\u2019imp\u00f4t de 50% sur la facture d'entretien du jardin !","breadcrumb":{"@id":"https:\/\/ange-garden.fr\/?page_id=631#breadcrumb"},"inLanguage":"fr-FR","potentialAction":[{"@type":"ReadAction","target":["https:\/\/ange-garden.fr\/?page_id=631"]}]},{"@type":"BreadcrumbList","@id":"https:\/\/ange-garden.fr\/?page_id=631#breadcrumb","itemListElement":[{"@type":"ListItem","position":1,"name":"Accueil","item":"https:\/\/ange-garden.fr\/"},{"@type":"ListItem","position":2,"name":"Services \u00e0 la personne"}]},{"@type":"WebSite","@id":"https:\/\/ange-garden.fr\/#website","url":"https:\/\/ange-garden.fr\/","name":"Ange Garden","description":"Jardinier paysagiste Golfe de Saint-Tropez","publisher":{"@id":"https:\/\/ange-garden.fr\/#organization"},"potentialAction":[{"@type":"SearchAction","target":{"@type":"EntryPoint","urlTemplate":"https:\/\/ange-garden.fr\/?s={search_term_string}"},"query-input":{"@type":"PropertyValueSpecification","valueRequired":true,"valueName":"search_term_string"}}],"inLanguage":"fr-FR"},{"@type":"Organization","@id":"https:\/\/ange-garden.fr\/#organization","name":"Ange Garden","url":"https:\/\/ange-garden.fr\/","logo":{"@type":"ImageObject","inLanguage":"fr-FR","@id":"https:\/\/ange-garden.fr\/#\/schema\/logo\/image\/","url":"https:\/\/ange-garden.fr\/wp-content\/uploads\/2024\/03\/logo-4.png","contentUrl":"https:\/\/ange-garden.fr\/wp-content\/uploads\/2024\/03\/logo-4.png","width":500,"height":500,"caption":"Ange Garden"},"image":{"@id":"https:\/\/ange-garden.fr\/#\/schema\/logo\/image\/"}}]}},"_links":{"self":[{"href":"https:\/\/ange-garden.fr\/index.php?rest_route=\/wp\/v2\/pages\/631","targetHints":{"allow":["GET"]}}],"collection":[{"href":"https:\/\/ange-garden.fr\/index.php?rest_route=\/wp\/v2\/pages"}],"about":[{"href":"https:\/\/ange-garden.fr\/index.php?rest_route=\/wp\/v2\/types\/page"}],"author":[{"embeddable":true,"href":"https:\/\/ange-garden.fr\/index.php?rest_route=\/wp\/v2\/users\/1"}],"replies":[{"embeddable":true,"href":"https:\/\/ange-garden.fr\/index.php?rest_route=%2Fwp%2Fv2%2Fcomments&post=631"}],"version-history":[{"count":13,"href":"https:\/\/ange-garden.fr\/index.php?rest_route=\/wp\/v2\/pages\/631\/revisions"}],"predecessor-version":[{"id":704,"href":"https:\/\/ange-garden.fr\/index.php?rest_route=\/wp\/v2\/pages\/631\/revisions\/704"}],"wp:attachment":[{"href":"https:\/\/ange-garden.fr\/index.php?rest_route=%2Fwp%2Fv2%2Fmedia&parent=631"}],"curies":[{"name":"wp","href":"https:\/\/api.w.org\/{rel}","templated":true}]}}